{"id":1826,"date":"2022-12-16T14:59:38","date_gmt":"2022-12-16T12:59:38","guid":{"rendered":"https:\/\/actnet.gr\/logistikes-ipiresies\/"},"modified":"2023-01-26T23:53:48","modified_gmt":"2023-01-26T21:53:48","slug":"servizi-di-contabilita","status":"publish","type":"page","link":"https:\/\/actnet.gr\/it\/servizi-di-contabilita\/","title":{"rendered":"Servizi di Contabilit\u00e0"},"content":{"rendered":"\t\t<div data-elementor-type=\"wp-page\" data-elementor-id=\"1826\" class=\"elementor elementor-1826 elementor-966\" data-elementor-post-type=\"page\">\n\t\t\t\t\t\t<section class=\"elementor-section elementor-top-section elementor-element elementor-element-26c11312 elementor-section-full_width elementor-section-height-default elementor-section-height-default parallax_section_no qode_elementor_container_no\" data-id=\"26c11312\" data-element_type=\"section\" data-settings=\"{&quot;background_background&quot;:&quot;classic&quot;}\">\n\t\t\t\t\t\t<div class=\"elementor-container elementor-column-gap-default\">\n\t\t\t\t\t<div class=\"elementor-column elementor-col-100 elementor-top-column elementor-element elementor-element-635f80e4\" data-id=\"635f80e4\" data-element_type=\"column\">\n\t\t\t<div class=\"elementor-widget-wrap elementor-element-populated\">\n\t\t\t\t\t\t<section class=\"elementor-section elementor-inner-section elementor-element elementor-element-ea01578 elementor-section-full_width elementor-section-height-default elementor-section-height-default parallax_section_no qode_elementor_container_no\" data-id=\"ea01578\" data-element_type=\"section\">\n\t\t\t\t\t\t<div class=\"elementor-container elementor-column-gap-default\">\n\t\t\t\t\t<div class=\"elementor-column elementor-col-50 elementor-inner-column elementor-element elementor-element-df49789\" data-id=\"df49789\" data-element_type=\"column\">\n\t\t\t<div class=\"elementor-widget-wrap elementor-element-populated\">\n\t\t\t\t\t\t<div class=\"elementor-element elementor-element-729c4463 elementor-widget elementor-widget-image\" data-id=\"729c4463\" data-element_type=\"widget\" data-widget_type=\"image.default\">\n\t\t\t\t<div class=\"elementor-widget-container\">\n\t\t\t\t\t\t\t\t\t\t\t\t\t<img fetchpriority=\"high\" decoding=\"async\" width=\"1600\" height=\"1100\" src=\"https:\/\/actnet.gr\/wp-content\/uploads\/2022\/12\/logistikes-ipiresies-photo.jpg\" class=\"attachment-full size-full wp-image-1696\" alt=\"\" srcset=\"https:\/\/actnet.gr\/wp-content\/uploads\/2022\/12\/logistikes-ipiresies-photo.jpg 1600w, https:\/\/actnet.gr\/wp-content\/uploads\/2022\/12\/logistikes-ipiresies-photo-300x206.jpg 300w, https:\/\/actnet.gr\/wp-content\/uploads\/2022\/12\/logistikes-ipiresies-photo-1024x704.jpg 1024w, https:\/\/actnet.gr\/wp-content\/uploads\/2022\/12\/logistikes-ipiresies-photo-768x528.jpg 768w, https:\/\/actnet.gr\/wp-content\/uploads\/2022\/12\/logistikes-ipiresies-photo-1536x1056.jpg 1536w, https:\/\/actnet.gr\/wp-content\/uploads\/2022\/12\/logistikes-ipiresies-photo-700x481.jpg 700w\" sizes=\"(max-width: 1600px) 100vw, 1600px\" \/>\t\t\t\t\t\t\t\t\t\t\t\t\t<\/div>\n\t\t\t\t<\/div>\n\t\t\t\t\t<\/div>\n\t\t<\/div>\n\t\t\t\t<div class=\"elementor-column elementor-col-50 elementor-inner-column elementor-element elementor-element-4d1cbe4d\" data-id=\"4d1cbe4d\" data-element_type=\"column\">\n\t\t\t<div class=\"elementor-widget-wrap elementor-element-populated\">\n\t\t\t\t\t\t<div class=\"elementor-element elementor-element-5f514e2 elementor-widget elementor-widget-heading\" data-id=\"5f514e2\" data-element_type=\"widget\" data-widget_type=\"heading.default\">\n\t\t\t\t<div class=\"elementor-widget-container\">\n\t\t\t<h3 class=\"elementor-heading-title elementor-size-default\">Accanto ad ogni azienda con pianificazione e organizzazione<\/h3>\t\t<\/div>\n\t\t\t\t<\/div>\n\t\t\t\t<div class=\"elementor-element elementor-element-517ad81b elementor-widget elementor-widget-spacer\" data-id=\"517ad81b\" data-element_type=\"widget\" data-widget_type=\"spacer.default\">\n\t\t\t\t<div class=\"elementor-widget-container\">\n\t\t\t\t\t<div class=\"elementor-spacer\">\n\t\t\t<div class=\"elementor-spacer-inner\"><\/div>\n\t\t<\/div>\n\t\t\t\t<\/div>\n\t\t\t\t<\/div>\n\t\t\t\t<div class=\"elementor-element elementor-element-4618a264 elementor-widget elementor-widget-text-editor\" data-id=\"4618a264\" data-element_type=\"widget\" data-widget_type=\"text-editor.default\">\n\t\t\t\t<div class=\"elementor-widget-container\">\n\t\t\t\t\t\t\t<p>L\u2019 obiettivo di<strong> Actnet Tax Solutions S.A<\/strong> \u00e8 che il reparto contabilit\u00e0 di ogni azienda operi in modo <strong>organizzato<\/strong> con procedure definite e utilizzi al massimo le <strong>capacit\u00e0&nbsp;<\/strong><strong>informatiche<\/strong> dei programmi contabili.<\/p>\n<p>In questo modo pu\u00f2 fornire in ogni momento le informazioni finanziarie di cui ogni azienda ha bisogno per formulare la propria politica economica ottimale.<\/p>\t\t\t\t\t\t<\/div>\n\t\t\t\t<\/div>\n\t\t\t\t<div class=\"elementor-element elementor-element-5b620f22 elementor-widget elementor-widget-spacer\" data-id=\"5b620f22\" data-element_type=\"widget\" data-widget_type=\"spacer.default\">\n\t\t\t\t<div class=\"elementor-widget-container\">\n\t\t\t\t\t<div class=\"elementor-spacer\">\n\t\t\t<div class=\"elementor-spacer-inner\"><\/div>\n\t\t<\/div>\n\t\t\t\t<\/div>\n\t\t\t\t<\/div>\n\t\t\t\t\t<\/div>\n\t\t<\/div>\n\t\t\t\t\t<\/div>\n\t\t<\/section>\n\t\t\t\t<section class=\"elementor-section elementor-inner-section elementor-element elementor-element-2fac9cf elementor-section-full_width elementor-section-height-default elementor-section-height-default parallax_section_no qode_elementor_container_no\" data-id=\"2fac9cf\" data-element_type=\"section\">\n\t\t\t\t\t\t<div class=\"elementor-container elementor-column-gap-default\">\n\t\t\t\t\t<div class=\"elementor-column elementor-col-50 elementor-inner-column elementor-element elementor-element-8c6f31f\" data-id=\"8c6f31f\" data-element_type=\"column\">\n\t\t\t<div class=\"elementor-widget-wrap elementor-element-populated\">\n\t\t\t\t\t\t<div class=\"elementor-element elementor-element-01dd12e elementor-widget elementor-widget-heading\" data-id=\"01dd12e\" data-element_type=\"widget\" data-widget_type=\"heading.default\">\n\t\t\t\t<div class=\"elementor-widget-container\">\n\t\t\t<h3 class=\"elementor-heading-title elementor-size-default\">In particolare, i <b>servizi contabili <\/b>forniti dalla nostra societ\u00e0 sono<\/h3>\t\t<\/div>\n\t\t\t\t<\/div>\n\t\t\t\t<div class=\"elementor-element elementor-element-4707139 elementor-widget elementor-widget-spacer\" data-id=\"4707139\" data-element_type=\"widget\" data-widget_type=\"spacer.default\">\n\t\t\t\t<div class=\"elementor-widget-container\">\n\t\t\t\t\t<div class=\"elementor-spacer\">\n\t\t\t<div class=\"elementor-spacer-inner\"><\/div>\n\t\t<\/div>\n\t\t\t\t<\/div>\n\t\t\t\t<\/div>\n\t\t\t\t<div class=\"elementor-element elementor-element-94104f1 elementor-widget elementor-widget-toggle\" data-id=\"94104f1\" data-element_type=\"widget\" data-widget_type=\"toggle.default\">\n\t\t\t\t<div class=\"elementor-widget-container\">\n\t\t\t\t\t<div class=\"elementor-toggle\">\n\t\t\t\t\t\t\t<div class=\"elementor-toggle-item\">\n\t\t\t\t\t<div id=\"elementor-tab-title-1551\" class=\"elementor-tab-title\" data-tab=\"1\" role=\"button\" aria-controls=\"elementor-tab-content-1551\" aria-expanded=\"false\">\n\t\t\t\t\t\t\t\t\t\t\t\t<span class=\"elementor-toggle-icon elementor-toggle-icon-right\" aria-hidden=\"true\">\n\t\t\t\t\t\t\t\t\t\t\t\t\t\t\t<span class=\"elementor-toggle-icon-closed\"><i class=\"fas fa-caret-right\"><\/i><\/span>\n\t\t\t\t\t\t\t\t<span class=\"elementor-toggle-icon-opened\"><i class=\"elementor-toggle-icon-opened fas fa-caret-up\"><\/i><\/span>\n\t\t\t\t\t\t\t\t\t\t\t\t\t<\/span>\n\t\t\t\t\t\t\t\t\t\t\t\t<a class=\"elementor-toggle-title\" tabindex=\"0\">Manutenzione<\/a>\n\t\t\t\t\t<\/div>\n\n\t\t\t\t\t<div id=\"elementor-tab-content-1551\" class=\"elementor-tab-content elementor-clearfix\" data-tab=\"1\" role=\"region\" aria-labelledby=\"elementor-tab-title-1551\"><p>di libri di doppia grafica e grafica semplice di ogni tipo di attivit\u00e0<\/p><\/div>\n\t\t\t\t<\/div>\n\t\t\t\t\t\t\t<div class=\"elementor-toggle-item\">\n\t\t\t\t\t<div id=\"elementor-tab-title-1552\" class=\"elementor-tab-title\" data-tab=\"2\" role=\"button\" aria-controls=\"elementor-tab-content-1552\" aria-expanded=\"false\">\n\t\t\t\t\t\t\t\t\t\t\t\t<span class=\"elementor-toggle-icon elementor-toggle-icon-right\" aria-hidden=\"true\">\n\t\t\t\t\t\t\t\t\t\t\t\t\t\t\t<span class=\"elementor-toggle-icon-closed\"><i class=\"fas fa-caret-right\"><\/i><\/span>\n\t\t\t\t\t\t\t\t<span class=\"elementor-toggle-icon-opened\"><i class=\"elementor-toggle-icon-opened fas fa-caret-up\"><\/i><\/span>\n\t\t\t\t\t\t\t\t\t\t\t\t\t<\/span>\n\t\t\t\t\t\t\t\t\t\t\t\t<a class=\"elementor-toggle-title\" tabindex=\"0\">Controllo<\/a>\n\t\t\t\t\t<\/div>\n\n\t\t\t\t\t<div id=\"elementor-tab-content-1552\" class=\"elementor-tab-content elementor-clearfix\" data-tab=\"2\" role=\"region\" aria-labelledby=\"elementor-tab-title-1552\"><p>in \u2013house dei reparti contabilit\u00e0 di aziende<\/p><\/div>\n\t\t\t\t<\/div>\n\t\t\t\t\t\t\t<div class=\"elementor-toggle-item\">\n\t\t\t\t\t<div id=\"elementor-tab-title-1553\" class=\"elementor-tab-title\" data-tab=\"3\" role=\"button\" aria-controls=\"elementor-tab-content-1553\" aria-expanded=\"false\">\n\t\t\t\t\t\t\t\t\t\t\t\t<span class=\"elementor-toggle-icon elementor-toggle-icon-right\" aria-hidden=\"true\">\n\t\t\t\t\t\t\t\t\t\t\t\t\t\t\t<span class=\"elementor-toggle-icon-closed\"><i class=\"fas fa-caret-right\"><\/i><\/span>\n\t\t\t\t\t\t\t\t<span class=\"elementor-toggle-icon-opened\"><i class=\"elementor-toggle-icon-opened fas fa-caret-up\"><\/i><\/span>\n\t\t\t\t\t\t\t\t\t\t\t\t\t<\/span>\n\t\t\t\t\t\t\t\t\t\t\t\t<a class=\"elementor-toggle-title\" tabindex=\"0\">Progettazione e organizzazione<\/a>\n\t\t\t\t\t<\/div>\n\n\t\t\t\t\t<div id=\"elementor-tab-content-1553\" class=\"elementor-tab-content elementor-clearfix\" data-tab=\"3\" role=\"region\" aria-labelledby=\"elementor-tab-title-1553\"><p>della contabilit\u00e0 di societ\u00e0 nuove o esistenti<\/p><\/div>\n\t\t\t\t<\/div>\n\t\t\t\t\t\t\t<div class=\"elementor-toggle-item\">\n\t\t\t\t\t<div id=\"elementor-tab-title-1554\" class=\"elementor-tab-title\" data-tab=\"4\" role=\"button\" aria-controls=\"elementor-tab-content-1554\" aria-expanded=\"false\">\n\t\t\t\t\t\t\t\t\t\t\t\t<span class=\"elementor-toggle-icon elementor-toggle-icon-right\" aria-hidden=\"true\">\n\t\t\t\t\t\t\t\t\t\t\t\t\t\t\t<span class=\"elementor-toggle-icon-closed\"><i class=\"fas fa-caret-right\"><\/i><\/span>\n\t\t\t\t\t\t\t\t<span class=\"elementor-toggle-icon-opened\"><i class=\"elementor-toggle-icon-opened fas fa-caret-up\"><\/i><\/span>\n\t\t\t\t\t\t\t\t\t\t\t\t\t<\/span>\n\t\t\t\t\t\t\t\t\t\t\t\t<a class=\"elementor-toggle-title\" tabindex=\"0\">Rispetto<\/a>\n\t\t\t\t\t<\/div>\n\n\t\t\t\t\t<div id=\"elementor-tab-content-1554\" class=\"elementor-tab-content elementor-clearfix\" data-tab=\"4\" role=\"region\" aria-labelledby=\"elementor-tab-title-1554\"><p>nelle disposizioni di MyData<\/p><\/div>\n\t\t\t\t<\/div>\n\t\t\t\t\t\t\t<div class=\"elementor-toggle-item\">\n\t\t\t\t\t<div id=\"elementor-tab-title-1555\" class=\"elementor-tab-title\" data-tab=\"5\" role=\"button\" aria-controls=\"elementor-tab-content-1555\" aria-expanded=\"false\">\n\t\t\t\t\t\t\t\t\t\t\t\t<span class=\"elementor-toggle-icon elementor-toggle-icon-right\" aria-hidden=\"true\">\n\t\t\t\t\t\t\t\t\t\t\t\t\t\t\t<span class=\"elementor-toggle-icon-closed\"><i class=\"fas fa-caret-right\"><\/i><\/span>\n\t\t\t\t\t\t\t\t<span class=\"elementor-toggle-icon-opened\"><i class=\"elementor-toggle-icon-opened fas fa-caret-up\"><\/i><\/span>\n\t\t\t\t\t\t\t\t\t\t\t\t\t<\/span>\n\t\t\t\t\t\t\t\t\t\t\t\t<a class=\"elementor-toggle-title\" tabindex=\"0\">Controllo e buone pratiche<\/a>\n\t\t\t\t\t<\/div>\n\n\t\t\t\t\t<div id=\"elementor-tab-content-1555\" class=\"elementor-tab-content elementor-clearfix\" data-tab=\"5\" role=\"region\" aria-labelledby=\"elementor-tab-title-1555\"><p>in materia di organizzazione informatica degli uffici di<br \/>contabilit\u00e0 delle aziende.<\/p><\/div>\n\t\t\t\t<\/div>\n\t\t\t\t\t\t\t<div class=\"elementor-toggle-item\">\n\t\t\t\t\t<div id=\"elementor-tab-title-1556\" class=\"elementor-tab-title\" data-tab=\"6\" role=\"button\" aria-controls=\"elementor-tab-content-1556\" aria-expanded=\"false\">\n\t\t\t\t\t\t\t\t\t\t\t\t<span class=\"elementor-toggle-icon elementor-toggle-icon-right\" aria-hidden=\"true\">\n\t\t\t\t\t\t\t\t\t\t\t\t\t\t\t<span class=\"elementor-toggle-icon-closed\"><i class=\"fas fa-caret-right\"><\/i><\/span>\n\t\t\t\t\t\t\t\t<span class=\"elementor-toggle-icon-opened\"><i class=\"elementor-toggle-icon-opened fas fa-caret-up\"><\/i><\/span>\n\t\t\t\t\t\t\t\t\t\t\t\t\t<\/span>\n\t\t\t\t\t\t\t\t\t\t\t\t<a class=\"elementor-toggle-title\" tabindex=\"0\">Redazione del bilancio<\/a>\n\t\t\t\t\t<\/div>\n\n\t\t\t\t\t<div id=\"elementor-tab-content-1556\" class=\"elementor-tab-content elementor-clearfix\" data-tab=\"6\" role=\"region\" aria-labelledby=\"elementor-tab-title-1556\"><p>sulla base delle disposizioni \u0395.\u039b.\u03a0 \u03bf \u0394.\u039b.\u03a0 (Modelli<br \/>contabili greci o Modelli contabili internazionali)<\/p><\/div>\n\t\t\t\t<\/div>\n\t\t\t\t\t\t\t<div class=\"elementor-toggle-item\">\n\t\t\t\t\t<div id=\"elementor-tab-title-1557\" class=\"elementor-tab-title\" data-tab=\"7\" role=\"button\" aria-controls=\"elementor-tab-content-1557\" aria-expanded=\"false\">\n\t\t\t\t\t\t\t\t\t\t\t\t<span class=\"elementor-toggle-icon elementor-toggle-icon-right\" aria-hidden=\"true\">\n\t\t\t\t\t\t\t\t\t\t\t\t\t\t\t<span class=\"elementor-toggle-icon-closed\"><i class=\"fas fa-caret-right\"><\/i><\/span>\n\t\t\t\t\t\t\t\t<span class=\"elementor-toggle-icon-opened\"><i class=\"elementor-toggle-icon-opened fas fa-caret-up\"><\/i><\/span>\n\t\t\t\t\t\t\t\t\t\t\t\t\t<\/span>\n\t\t\t\t\t\t\t\t\t\t\t\t<a class=\"elementor-toggle-title\" tabindex=\"0\">Tenuta di magazzino<\/a>\n\t\t\t\t\t<\/div>\n\n\t\t\t\t\t<div id=\"elementor-tab-content-1557\" class=\"elementor-tab-content elementor-clearfix\" data-tab=\"7\" role=\"region\" aria-labelledby=\"elementor-tab-title-1557\"><p>e determinazione dei costi<\/p><\/div>\n\t\t\t\t<\/div>\n\t\t\t\t\t\t\t\t<\/div>\n\t\t\t\t<\/div>\n\t\t\t\t<\/div>\n\t\t\t\t<div class=\"elementor-element elementor-element-dc91949 elementor-widget elementor-widget-spacer\" data-id=\"dc91949\" data-element_type=\"widget\" data-widget_type=\"spacer.default\">\n\t\t\t\t<div class=\"elementor-widget-container\">\n\t\t\t\t\t<div class=\"elementor-spacer\">\n\t\t\t<div class=\"elementor-spacer-inner\"><\/div>\n\t\t<\/div>\n\t\t\t\t<\/div>\n\t\t\t\t<\/div>\n\t\t\t\t\t<\/div>\n\t\t<\/div>\n\t\t\t\t<div class=\"elementor-column elementor-col-50 elementor-inner-column elementor-element elementor-element-8e80b67\" data-id=\"8e80b67\" data-element_type=\"column\">\n\t\t\t<div class=\"elementor-widget-wrap elementor-element-populated\">\n\t\t\t\t\t\t<div class=\"elementor-element elementor-element-86224c6 elementor-widget elementor-widget-image\" data-id=\"86224c6\" data-element_type=\"widget\" data-widget_type=\"image.default\">\n\t\t\t\t<div class=\"elementor-widget-container\">\n\t\t\t\t\t\t\t\t\t\t\t\t\t<img decoding=\"async\" width=\"434\" height=\"650\" src=\"https:\/\/actnet.gr\/wp-content\/uploads\/2022\/12\/logistikes-ipiresies-photo-1.jpg\" class=\"attachment-large size-large wp-image-1698\" alt=\"\" srcset=\"https:\/\/actnet.gr\/wp-content\/uploads\/2022\/12\/logistikes-ipiresies-photo-1.jpg 434w, https:\/\/actnet.gr\/wp-content\/uploads\/2022\/12\/logistikes-ipiresies-photo-1-200x300.jpg 200w\" sizes=\"(max-width: 434px) 100vw, 434px\" \/>\t\t\t\t\t\t\t\t\t\t\t\t\t<\/div>\n\t\t\t\t<\/div>\n\t\t\t\t\t<\/div>\n\t\t<\/div>\n\t\t\t\t\t<\/div>\n\t\t<\/section>\n\t\t\t\t\t<\/div>\n\t\t<\/div>\n\t\t\t\t\t<\/div>\n\t\t<\/section>\n\t\t\t\t<\/div>\n\t\t","protected":false},"excerpt":{"rendered":"<p>Accanto ad ogni azienda con pianificazione e organizzazione L\u2019 obiettivo di Actnet Tax Solutions S.A \u00e8 che il reparto contabilit\u00e0 di ogni azienda operi in modo organizzato con procedure definite e utilizzi al massimo le capacit\u00e0&nbsp;informatiche dei programmi contabili. In questo modo pu\u00f2 fornire in&#8230;<\/p>\n","protected":false},"author":3,"featured_media":0,"parent":0,"menu_order":0,"comment_status":"closed","ping_status":"closed","template":"full_width.php","meta":{"footnotes":""},"class_list":["post-1826","page","type-page","status-publish","hentry"],"yoast_head":"<!-- This site is optimized with the Yoast SEO plugin v23.9 - https:\/\/yoast.com\/wordpress\/plugins\/seo\/ -->\n<title>Servizi di Contabilit\u00e0| Actnet Tax Solutions S.A.<\/title>\n<meta name=\"description\" content=\"Actnet Tax Solutions S.A. fornisce supporto contabile a una vasta gamma di aziendecon conoscenza delle esigenze specifiche di ciascun cliente\" \/>\n<meta name=\"robots\" content=\"index, follow, max-snippet:-1, max-image-preview:large, max-video-preview:-1\" \/>\n<link rel=\"canonical\" href=\"https:\/\/actnet.gr\/it\/servizi-di-contabilita\/\" \/>\n<meta property=\"og:locale\" content=\"it_IT\" \/>\n<meta property=\"og:type\" content=\"article\" \/>\n<meta property=\"og:title\" content=\"Servizi di Contabilit\u00e0| Actnet Tax Solutions S.A.\" \/>\n<meta property=\"og:description\" content=\"Actnet Tax Solutions S.A. fornisce supporto contabile a una vasta gamma di aziendecon conoscenza delle esigenze specifiche di ciascun cliente\" \/>\n<meta property=\"og:url\" content=\"https:\/\/actnet.gr\/it\/servizi-di-contabilita\/\" \/>\n<meta property=\"og:site_name\" content=\"Actnet Tax Solutions S.A.\" \/>\n<meta property=\"article:modified_time\" content=\"2023-01-26T21:53:48+00:00\" \/>\n<meta property=\"og:image\" content=\"https:\/\/actnet.gr\/wp-content\/uploads\/2022\/12\/logistikes-ipiresies-photo.jpg\" \/>\n<meta name=\"twitter:card\" content=\"summary_large_image\" \/>\n<meta name=\"twitter:label1\" content=\"Tempo di lettura stimato\" \/>\n\t<meta name=\"twitter:data1\" content=\"2 minuti\" \/>\n<script type=\"application\/ld+json\" class=\"yoast-schema-graph\">{\"@context\":\"https:\/\/schema.org\",\"@graph\":[{\"@type\":\"WebPage\",\"@id\":\"https:\/\/actnet.gr\/it\/servizi-di-contabilita\/\",\"url\":\"https:\/\/actnet.gr\/it\/servizi-di-contabilita\/\",\"name\":\"Servizi di Contabilit\u00e0| Actnet Tax Solutions S.A.\",\"isPartOf\":{\"@id\":\"https:\/\/actnet.gr\/it\/#website\"},\"primaryImageOfPage\":{\"@id\":\"https:\/\/actnet.gr\/it\/servizi-di-contabilita\/#primaryimage\"},\"image\":{\"@id\":\"https:\/\/actnet.gr\/it\/servizi-di-contabilita\/#primaryimage\"},\"thumbnailUrl\":\"https:\/\/actnet.gr\/wp-content\/uploads\/2022\/12\/logistikes-ipiresies-photo.jpg\",\"datePublished\":\"2022-12-16T12:59:38+00:00\",\"dateModified\":\"2023-01-26T21:53:48+00:00\",\"description\":\"Actnet Tax Solutions S.A. fornisce supporto contabile a una vasta gamma di aziendecon conoscenza delle esigenze specifiche di ciascun cliente\",\"breadcrumb\":{\"@id\":\"https:\/\/actnet.gr\/it\/servizi-di-contabilita\/#breadcrumb\"},\"inLanguage\":\"it-IT\",\"potentialAction\":[{\"@type\":\"ReadAction\",\"target\":[\"https:\/\/actnet.gr\/it\/servizi-di-contabilita\/\"]}]},{\"@type\":\"ImageObject\",\"inLanguage\":\"it-IT\",\"@id\":\"https:\/\/actnet.gr\/it\/servizi-di-contabilita\/#primaryimage\",\"url\":\"https:\/\/actnet.gr\/wp-content\/uploads\/2022\/12\/logistikes-ipiresies-photo.jpg\",\"contentUrl\":\"https:\/\/actnet.gr\/wp-content\/uploads\/2022\/12\/logistikes-ipiresies-photo.jpg\"},{\"@type\":\"BreadcrumbList\",\"@id\":\"https:\/\/actnet.gr\/it\/servizi-di-contabilita\/#breadcrumb\",\"itemListElement\":[{\"@type\":\"ListItem\",\"position\":1,\"name\":\"\u0391\u03c1\u03c7\u03b9\u03ba\u03ae\",\"item\":\"https:\/\/actnet.gr\/it\/\"},{\"@type\":\"ListItem\",\"position\":2,\"name\":\"Servizi di Contabilit\u00e0\"}]},{\"@type\":\"WebSite\",\"@id\":\"https:\/\/actnet.gr\/it\/#website\",\"url\":\"https:\/\/actnet.gr\/it\/\",\"name\":\"Actnet Tax Solutions S.A.\",\"description\":\"\u039b\u03bf\u03b3\u03b9\u03c3\u03c4\u03b9\u03ba\u03ad\u03c2 \u03a5\u03c0\u03b7\u03c1\u03b5\u03c3\u03af\u03b5\u03c2 \u0391\u03b8\u03ae\u03bd\u03b1\",\"publisher\":{\"@id\":\"https:\/\/actnet.gr\/it\/#organization\"},\"alternateName\":\"Actnet\",\"potentialAction\":[{\"@type\":\"SearchAction\",\"target\":{\"@type\":\"EntryPoint\",\"urlTemplate\":\"https:\/\/actnet.gr\/it\/?s={search_term_string}\"},\"query-input\":{\"@type\":\"PropertyValueSpecification\",\"valueRequired\":true,\"valueName\":\"search_term_string\"}}],\"inLanguage\":\"it-IT\"},{\"@type\":\"Organization\",\"@id\":\"https:\/\/actnet.gr\/it\/#organization\",\"name\":\"ActNet Tax Solutions S.A\",\"alternateName\":\"Actnet\",\"url\":\"https:\/\/actnet.gr\/it\/\",\"logo\":{\"@type\":\"ImageObject\",\"inLanguage\":\"it-IT\",\"@id\":\"https:\/\/actnet.gr\/it\/#\/schema\/logo\/image\/\",\"url\":\"https:\/\/actnet.gr\/wp-content\/uploads\/2022\/12\/logo-color.png\",\"contentUrl\":\"https:\/\/actnet.gr\/wp-content\/uploads\/2022\/12\/logo-color.png\",\"width\":334,\"height\":175,\"caption\":\"ActNet Tax Solutions S.A\"},\"image\":{\"@id\":\"https:\/\/actnet.gr\/it\/#\/schema\/logo\/image\/\"}}]}<\/script>\n<!-- \/ Yoast SEO plugin. -->","yoast_head_json":{"title":"Servizi di Contabilit\u00e0| Actnet Tax Solutions S.A.","description":"Actnet Tax Solutions S.A. fornisce supporto contabile a una vasta gamma di aziendecon conoscenza delle esigenze specifiche di ciascun cliente","robots":{"index":"index","follow":"follow","max-snippet":"max-snippet:-1","max-image-preview":"max-image-preview:large","max-video-preview":"max-video-preview:-1"},"canonical":"https:\/\/actnet.gr\/it\/servizi-di-contabilita\/","og_locale":"it_IT","og_type":"article","og_title":"Servizi di Contabilit\u00e0| Actnet Tax Solutions S.A.","og_description":"Actnet Tax Solutions S.A. fornisce supporto contabile a una vasta gamma di aziendecon conoscenza delle esigenze specifiche di ciascun cliente","og_url":"https:\/\/actnet.gr\/it\/servizi-di-contabilita\/","og_site_name":"Actnet Tax Solutions S.A.","article_modified_time":"2023-01-26T21:53:48+00:00","og_image":[{"url":"https:\/\/actnet.gr\/wp-content\/uploads\/2022\/12\/logistikes-ipiresies-photo.jpg"}],"twitter_card":"summary_large_image","twitter_misc":{"Tempo di lettura stimato":"2 minuti"},"schema":{"@context":"https:\/\/schema.org","@graph":[{"@type":"WebPage","@id":"https:\/\/actnet.gr\/it\/servizi-di-contabilita\/","url":"https:\/\/actnet.gr\/it\/servizi-di-contabilita\/","name":"Servizi di Contabilit\u00e0| Actnet Tax Solutions S.A.","isPartOf":{"@id":"https:\/\/actnet.gr\/it\/#website"},"primaryImageOfPage":{"@id":"https:\/\/actnet.gr\/it\/servizi-di-contabilita\/#primaryimage"},"image":{"@id":"https:\/\/actnet.gr\/it\/servizi-di-contabilita\/#primaryimage"},"thumbnailUrl":"https:\/\/actnet.gr\/wp-content\/uploads\/2022\/12\/logistikes-ipiresies-photo.jpg","datePublished":"2022-12-16T12:59:38+00:00","dateModified":"2023-01-26T21:53:48+00:00","description":"Actnet Tax Solutions S.A. fornisce supporto contabile a una vasta gamma di aziendecon conoscenza delle esigenze specifiche di ciascun cliente","breadcrumb":{"@id":"https:\/\/actnet.gr\/it\/servizi-di-contabilita\/#breadcrumb"},"inLanguage":"it-IT","potentialAction":[{"@type":"ReadAction","target":["https:\/\/actnet.gr\/it\/servizi-di-contabilita\/"]}]},{"@type":"ImageObject","inLanguage":"it-IT","@id":"https:\/\/actnet.gr\/it\/servizi-di-contabilita\/#primaryimage","url":"https:\/\/actnet.gr\/wp-content\/uploads\/2022\/12\/logistikes-ipiresies-photo.jpg","contentUrl":"https:\/\/actnet.gr\/wp-content\/uploads\/2022\/12\/logistikes-ipiresies-photo.jpg"},{"@type":"BreadcrumbList","@id":"https:\/\/actnet.gr\/it\/servizi-di-contabilita\/#breadcrumb","itemListElement":[{"@type":"ListItem","position":1,"name":"\u0391\u03c1\u03c7\u03b9\u03ba\u03ae","item":"https:\/\/actnet.gr\/it\/"},{"@type":"ListItem","position":2,"name":"Servizi di Contabilit\u00e0"}]},{"@type":"WebSite","@id":"https:\/\/actnet.gr\/it\/#website","url":"https:\/\/actnet.gr\/it\/","name":"Actnet Tax Solutions S.A.","description":"\u039b\u03bf\u03b3\u03b9\u03c3\u03c4\u03b9\u03ba\u03ad\u03c2 \u03a5\u03c0\u03b7\u03c1\u03b5\u03c3\u03af\u03b5\u03c2 \u0391\u03b8\u03ae\u03bd\u03b1","publisher":{"@id":"https:\/\/actnet.gr\/it\/#organization"},"alternateName":"Actnet","potentialAction":[{"@type":"SearchAction","target":{"@type":"EntryPoint","urlTemplate":"https:\/\/actnet.gr\/it\/?s={search_term_string}"},"query-input":{"@type":"PropertyValueSpecification","valueRequired":true,"valueName":"search_term_string"}}],"inLanguage":"it-IT"},{"@type":"Organization","@id":"https:\/\/actnet.gr\/it\/#organization","name":"ActNet Tax Solutions S.A","alternateName":"Actnet","url":"https:\/\/actnet.gr\/it\/","logo":{"@type":"ImageObject","inLanguage":"it-IT","@id":"https:\/\/actnet.gr\/it\/#\/schema\/logo\/image\/","url":"https:\/\/actnet.gr\/wp-content\/uploads\/2022\/12\/logo-color.png","contentUrl":"https:\/\/actnet.gr\/wp-content\/uploads\/2022\/12\/logo-color.png","width":334,"height":175,"caption":"ActNet Tax Solutions S.A"},"image":{"@id":"https:\/\/actnet.gr\/it\/#\/schema\/logo\/image\/"}}]}},"_links":{"self":[{"href":"https:\/\/actnet.gr\/it\/wp-json\/wp\/v2\/pages\/1826","targetHints":{"allow":["GET"]}}],"collection":[{"href":"https:\/\/actnet.gr\/it\/wp-json\/wp\/v2\/pages"}],"about":[{"href":"https:\/\/actnet.gr\/it\/wp-json\/wp\/v2\/types\/page"}],"author":[{"embeddable":true,"href":"https:\/\/actnet.gr\/it\/wp-json\/wp\/v2\/users\/3"}],"replies":[{"embeddable":true,"href":"https:\/\/actnet.gr\/it\/wp-json\/wp\/v2\/comments?post=1826"}],"version-history":[{"count":10,"href":"https:\/\/actnet.gr\/it\/wp-json\/wp\/v2\/pages\/1826\/revisions"}],"predecessor-version":[{"id":2091,"href":"https:\/\/actnet.gr\/it\/wp-json\/wp\/v2\/pages\/1826\/revisions\/2091"}],"wp:attachment":[{"href":"https:\/\/actnet.gr\/it\/wp-json\/wp\/v2\/media?parent=1826"}],"curies":[{"name":"wp","href":"https:\/\/api.w.org\/{rel}","templated":true}]}}