{"id":1853,"date":"2022-12-16T19:01:57","date_gmt":"2022-12-16T17:01:57","guid":{"rendered":"https:\/\/actnet.gr\/exidikevmenes-liseis\/"},"modified":"2023-01-26T23:31:52","modified_gmt":"2023-01-26T21:31:52","slug":"soluzioni-specializzate","status":"publish","type":"page","link":"https:\/\/actnet.gr\/it\/soluzioni-specializzate\/","title":{"rendered":"Soluzioni Specializzate"},"content":{"rendered":"\t\t<div data-elementor-type=\"wp-page\" data-elementor-id=\"1853\" class=\"elementor elementor-1853 elementor-1121\" data-elementor-post-type=\"page\">\n\t\t\t\t\t\t<section class=\"elementor-section elementor-top-section elementor-element elementor-element-26c11312 elementor-section-full_width elementor-section-height-default elementor-section-height-default parallax_section_no qode_elementor_container_no\" data-id=\"26c11312\" data-element_type=\"section\" data-settings=\"{&quot;background_background&quot;:&quot;classic&quot;}\">\n\t\t\t\t\t\t<div class=\"elementor-container elementor-column-gap-default\">\n\t\t\t\t\t<div class=\"elementor-column elementor-col-100 elementor-top-column elementor-element elementor-element-635f80e4\" data-id=\"635f80e4\" data-element_type=\"column\">\n\t\t\t<div class=\"elementor-widget-wrap elementor-element-populated\">\n\t\t\t\t\t\t<section class=\"elementor-section elementor-inner-section elementor-element elementor-element-092d064 elementor-section-full_width elementor-section-height-default elementor-section-height-default parallax_section_no qode_elementor_container_no\" data-id=\"092d064\" data-element_type=\"section\">\n\t\t\t\t\t\t<div class=\"elementor-container elementor-column-gap-default\">\n\t\t\t\t\t<div class=\"elementor-column elementor-col-50 elementor-inner-column elementor-element elementor-element-cc71b76\" data-id=\"cc71b76\" data-element_type=\"column\">\n\t\t\t<div class=\"elementor-widget-wrap elementor-element-populated\">\n\t\t\t\t\t\t<div class=\"elementor-element elementor-element-8befd49 elementor-widget elementor-widget-image\" data-id=\"8befd49\" data-element_type=\"widget\" data-widget_type=\"image.default\">\n\t\t\t\t<div class=\"elementor-widget-container\">\n\t\t\t\t\t\t\t\t\t\t\t\t\t<img fetchpriority=\"high\" decoding=\"async\" width=\"1050\" height=\"700\" src=\"https:\/\/actnet.gr\/wp-content\/uploads\/2022\/12\/exeifikevmenes-liseis-photo-3.jpg\" class=\"attachment-full size-full wp-image-1746\" alt=\"\" srcset=\"https:\/\/actnet.gr\/wp-content\/uploads\/2022\/12\/exeifikevmenes-liseis-photo-3.jpg 1050w, https:\/\/actnet.gr\/wp-content\/uploads\/2022\/12\/exeifikevmenes-liseis-photo-3-300x200.jpg 300w, https:\/\/actnet.gr\/wp-content\/uploads\/2022\/12\/exeifikevmenes-liseis-photo-3-1024x683.jpg 1024w, https:\/\/actnet.gr\/wp-content\/uploads\/2022\/12\/exeifikevmenes-liseis-photo-3-768x512.jpg 768w, https:\/\/actnet.gr\/wp-content\/uploads\/2022\/12\/exeifikevmenes-liseis-photo-3-700x467.jpg 700w\" sizes=\"(max-width: 1050px) 100vw, 1050px\" \/>\t\t\t\t\t\t\t\t\t\t\t\t\t<\/div>\n\t\t\t\t<\/div>\n\t\t\t\t\t<\/div>\n\t\t<\/div>\n\t\t\t\t<div class=\"elementor-column elementor-col-50 elementor-inner-column elementor-element elementor-element-0c60fc9\" data-id=\"0c60fc9\" data-element_type=\"column\">\n\t\t\t<div class=\"elementor-widget-wrap elementor-element-populated\">\n\t\t\t\t\t\t<div class=\"elementor-element elementor-element-a3c41f1 elementor-widget elementor-widget-heading\" data-id=\"a3c41f1\" data-element_type=\"widget\" data-widget_type=\"heading.default\">\n\t\t\t\t<div class=\"elementor-widget-container\">\n\t\t\t<h3 class=\"elementor-heading-title elementor-size-default\">Ogni cliente pu\u00f2 scegliere di volta in volta il servizio di cui ha bisogno<\/h3>\t\t<\/div>\n\t\t\t\t<\/div>\n\t\t\t\t<div class=\"elementor-element elementor-element-4b0fe9f elementor-widget elementor-widget-spacer\" data-id=\"4b0fe9f\" data-element_type=\"widget\" data-widget_type=\"spacer.default\">\n\t\t\t\t<div class=\"elementor-widget-container\">\n\t\t\t\t\t<div class=\"elementor-spacer\">\n\t\t\t<div class=\"elementor-spacer-inner\"><\/div>\n\t\t<\/div>\n\t\t\t\t<\/div>\n\t\t\t\t<\/div>\n\t\t\t\t<div class=\"elementor-element elementor-element-a4991aa elementor-widget elementor-widget-text-editor\" data-id=\"a4991aa\" data-element_type=\"widget\" data-widget_type=\"text-editor.default\">\n\t\t\t\t<div class=\"elementor-widget-container\">\n\t\t\t\t\t\t\t<p>Ad <b>Actnet Tax Solutions S.A. <\/b>diamo l\u2019 opportunit\u00e0 ai clienti che si fidano di noi di scegliere quali dei servizi che offriamo soddisfano le loro esigenze in ogni momento. In particolare, i nostri clienti possono scegliere il modo di collaborare con la nostra azienda, nonch\u00e9 <b>modificarlo <\/b>quando le loro esigenze sono cambiate.<\/p><p>\u00a0<\/p><p>Ad esempio, Actnet Tax Solutions S.A. ha una vasta esperienza nell&#8217; organizzazione completa e nel funzionamento degli uffici <b>contabilit\u00e0 delle societ\u00e0 alberghiere<\/b>, che, man mano che le societ\u00e0 crescono, possono ormai essere gestite internamente (in-house) con il nostro supporto di supervisione.<\/p>\t\t\t\t\t\t<\/div>\n\t\t\t\t<\/div>\n\t\t\t\t<div class=\"elementor-element elementor-element-b6c90eb elementor-widget elementor-widget-spacer\" data-id=\"b6c90eb\" data-element_type=\"widget\" data-widget_type=\"spacer.default\">\n\t\t\t\t<div class=\"elementor-widget-container\">\n\t\t\t\t\t<div class=\"elementor-spacer\">\n\t\t\t<div class=\"elementor-spacer-inner\"><\/div>\n\t\t<\/div>\n\t\t\t\t<\/div>\n\t\t\t\t<\/div>\n\t\t\t\t\t<\/div>\n\t\t<\/div>\n\t\t\t\t\t<\/div>\n\t\t<\/section>\n\t\t\t\t<section class=\"elementor-section elementor-inner-section elementor-element elementor-element-6da62da elementor-section-full_width elementor-section-height-default elementor-section-height-default parallax_section_no qode_elementor_container_no\" data-id=\"6da62da\" data-element_type=\"section\">\n\t\t\t\t\t\t<div class=\"elementor-container elementor-column-gap-default\">\n\t\t\t\t\t<div class=\"elementor-column elementor-col-50 elementor-inner-column elementor-element elementor-element-b94ea39\" data-id=\"b94ea39\" data-element_type=\"column\">\n\t\t\t<div class=\"elementor-widget-wrap elementor-element-populated\">\n\t\t\t\t\t\t<div class=\"elementor-element elementor-element-e954f07 elementor-widget elementor-widget-text-editor\" data-id=\"e954f07\" data-element_type=\"widget\" data-widget_type=\"text-editor.default\">\n\t\t\t\t<div class=\"elementor-widget-container\">\n\t\t\t\t\t\t\t<p>Allo stesso tempo, la nostra azienda ha un&#8217; esperienza speciale nella fornitura di soluzioni specializzate per le\u00a0<b>societ\u00e0 straniere\u00a0<\/b>che desiderano operare in Grecia, avendo un pacchetto di supporto completo in ogni fase in base alle loro esigenze.<\/p>\t\t\t\t\t\t<\/div>\n\t\t\t\t<\/div>\n\t\t\t\t<div class=\"elementor-element elementor-element-ce77bb3 elementor-widget elementor-widget-heading\" data-id=\"ce77bb3\" data-element_type=\"widget\" data-widget_type=\"heading.default\">\n\t\t\t\t<div class=\"elementor-widget-container\">\n\t\t\t<h3 class=\"elementor-heading-title elementor-size-default\">Alcuni esempi di Soluzioni Specializzate fornite dalla nostra azienda:<\/h3>\t\t<\/div>\n\t\t\t\t<\/div>\n\t\t\t\t<div class=\"elementor-element elementor-element-2db9021 elementor-widget elementor-widget-spacer\" data-id=\"2db9021\" data-element_type=\"widget\" data-widget_type=\"spacer.default\">\n\t\t\t\t<div class=\"elementor-widget-container\">\n\t\t\t\t\t<div class=\"elementor-spacer\">\n\t\t\t<div class=\"elementor-spacer-inner\"><\/div>\n\t\t<\/div>\n\t\t\t\t<\/div>\n\t\t\t\t<\/div>\n\t\t\t\t<div class=\"elementor-element elementor-element-1760c3e elementor-widget elementor-widget-toggle\" data-id=\"1760c3e\" data-element_type=\"widget\" data-widget_type=\"toggle.default\">\n\t\t\t\t<div class=\"elementor-widget-container\">\n\t\t\t\t\t<div class=\"elementor-toggle\">\n\t\t\t\t\t\t\t<div class=\"elementor-toggle-item\">\n\t\t\t\t\t<div id=\"elementor-tab-title-2451\" class=\"elementor-tab-title\" data-tab=\"1\" role=\"button\" aria-controls=\"elementor-tab-content-2451\" aria-expanded=\"false\">\n\t\t\t\t\t\t\t\t\t\t\t\t<span class=\"elementor-toggle-icon elementor-toggle-icon-right\" aria-hidden=\"true\">\n\t\t\t\t\t\t\t\t\t\t\t\t\t\t\t<span class=\"elementor-toggle-icon-closed\"><i class=\"fas fa-caret-right\"><\/i><\/span>\n\t\t\t\t\t\t\t\t<span class=\"elementor-toggle-icon-opened\"><i class=\"elementor-toggle-icon-opened fas fa-caret-up\"><\/i><\/span>\n\t\t\t\t\t\t\t\t\t\t\t\t\t<\/span>\n\t\t\t\t\t\t\t\t\t\t\t\t<a class=\"elementor-toggle-title\" tabindex=\"0\">Organizzazione completa<\/a>\n\t\t\t\t\t<\/div>\n\n\t\t\t\t\t<div id=\"elementor-tab-content-2451\" class=\"elementor-tab-content elementor-clearfix\" data-tab=\"1\" role=\"region\" aria-labelledby=\"elementor-tab-title-2451\"><p>o riorganizzazione degli uffici contabilit\u00e0 aziendale (problematiche informatiche, personale, procedure contabili)<\/p><\/div>\n\t\t\t\t<\/div>\n\t\t\t\t\t\t\t<div class=\"elementor-toggle-item\">\n\t\t\t\t\t<div id=\"elementor-tab-title-2452\" class=\"elementor-tab-title\" data-tab=\"2\" role=\"button\" aria-controls=\"elementor-tab-content-2452\" aria-expanded=\"false\">\n\t\t\t\t\t\t\t\t\t\t\t\t<span class=\"elementor-toggle-icon elementor-toggle-icon-right\" aria-hidden=\"true\">\n\t\t\t\t\t\t\t\t\t\t\t\t\t\t\t<span class=\"elementor-toggle-icon-closed\"><i class=\"fas fa-caret-right\"><\/i><\/span>\n\t\t\t\t\t\t\t\t<span class=\"elementor-toggle-icon-opened\"><i class=\"elementor-toggle-icon-opened fas fa-caret-up\"><\/i><\/span>\n\t\t\t\t\t\t\t\t\t\t\t\t\t<\/span>\n\t\t\t\t\t\t\t\t\t\t\t\t<a class=\"elementor-toggle-title\" tabindex=\"0\">Supporto<\/a>\n\t\t\t\t\t<\/div>\n\n\t\t\t\t\t<div id=\"elementor-tab-content-2452\" class=\"elementor-tab-content elementor-clearfix\" data-tab=\"2\" role=\"region\" aria-labelledby=\"elementor-tab-title-2452\"><p>durante il passaggio a nuovi software di contabilit\u00e0<\/p><\/div>\n\t\t\t\t<\/div>\n\t\t\t\t\t\t\t<div class=\"elementor-toggle-item\">\n\t\t\t\t\t<div id=\"elementor-tab-title-2453\" class=\"elementor-tab-title\" data-tab=\"3\" role=\"button\" aria-controls=\"elementor-tab-content-2453\" aria-expanded=\"false\">\n\t\t\t\t\t\t\t\t\t\t\t\t<span class=\"elementor-toggle-icon elementor-toggle-icon-right\" aria-hidden=\"true\">\n\t\t\t\t\t\t\t\t\t\t\t\t\t\t\t<span class=\"elementor-toggle-icon-closed\"><i class=\"fas fa-caret-right\"><\/i><\/span>\n\t\t\t\t\t\t\t\t<span class=\"elementor-toggle-icon-opened\"><i class=\"elementor-toggle-icon-opened fas fa-caret-up\"><\/i><\/span>\n\t\t\t\t\t\t\t\t\t\t\t\t\t<\/span>\n\t\t\t\t\t\t\t\t\t\t\t\t<a class=\"elementor-toggle-title\" tabindex=\"0\">Personale contabile<\/a>\n\t\t\t\t\t<\/div>\n\n\t\t\t\t\t<div id=\"elementor-tab-content-2453\" class=\"elementor-tab-content elementor-clearfix\" data-tab=\"3\" role=\"region\" aria-labelledby=\"elementor-tab-title-2453\"><p>per le emergenze aziendali<\/p><\/div>\n\t\t\t\t<\/div>\n\t\t\t\t\t\t\t<div class=\"elementor-toggle-item\">\n\t\t\t\t\t<div id=\"elementor-tab-title-2454\" class=\"elementor-tab-title\" data-tab=\"4\" role=\"button\" aria-controls=\"elementor-tab-content-2454\" aria-expanded=\"false\">\n\t\t\t\t\t\t\t\t\t\t\t\t<span class=\"elementor-toggle-icon elementor-toggle-icon-right\" aria-hidden=\"true\">\n\t\t\t\t\t\t\t\t\t\t\t\t\t\t\t<span class=\"elementor-toggle-icon-closed\"><i class=\"fas fa-caret-right\"><\/i><\/span>\n\t\t\t\t\t\t\t\t<span class=\"elementor-toggle-icon-opened\"><i class=\"elementor-toggle-icon-opened fas fa-caret-up\"><\/i><\/span>\n\t\t\t\t\t\t\t\t\t\t\t\t\t<\/span>\n\t\t\t\t\t\t\t\t\t\t\t\t<a class=\"elementor-toggle-title\" tabindex=\"0\">Servizi di recruitment<\/a>\n\t\t\t\t\t<\/div>\n\n\t\t\t\t\t<div id=\"elementor-tab-content-2454\" class=\"elementor-tab-content elementor-clearfix\" data-tab=\"4\" role=\"region\" aria-labelledby=\"elementor-tab-title-2454\"><p>per la ricerca e la selezione dei dirigenti contabili<br \/>aziendali<\/p><\/div>\n\t\t\t\t<\/div>\n\t\t\t\t\t\t\t<div class=\"elementor-toggle-item\">\n\t\t\t\t\t<div id=\"elementor-tab-title-2455\" class=\"elementor-tab-title\" data-tab=\"5\" role=\"button\" aria-controls=\"elementor-tab-content-2455\" aria-expanded=\"false\">\n\t\t\t\t\t\t\t\t\t\t\t\t<span class=\"elementor-toggle-icon elementor-toggle-icon-right\" aria-hidden=\"true\">\n\t\t\t\t\t\t\t\t\t\t\t\t\t\t\t<span class=\"elementor-toggle-icon-closed\"><i class=\"fas fa-caret-right\"><\/i><\/span>\n\t\t\t\t\t\t\t\t<span class=\"elementor-toggle-icon-opened\"><i class=\"elementor-toggle-icon-opened fas fa-caret-up\"><\/i><\/span>\n\t\t\t\t\t\t\t\t\t\t\t\t\t<\/span>\n\t\t\t\t\t\t\t\t\t\t\t\t<a class=\"elementor-toggle-title\" tabindex=\"0\">Servizi di Rappresentanza<\/a>\n\t\t\t\t\t<\/div>\n\n\t\t\t\t\t<div id=\"elementor-tab-content-2455\" class=\"elementor-tab-content elementor-clearfix\" data-tab=\"5\" role=\"region\" aria-labelledby=\"elementor-tab-title-2455\"><p>Fiscale articolo 8 KFD di persone fisiche e<br \/>giuridiche straniere<\/p><\/div>\n\t\t\t\t<\/div>\n\t\t\t\t\t\t\t<div class=\"elementor-toggle-item\">\n\t\t\t\t\t<div id=\"elementor-tab-title-2456\" class=\"elementor-tab-title\" data-tab=\"6\" role=\"button\" aria-controls=\"elementor-tab-content-2456\" aria-expanded=\"false\">\n\t\t\t\t\t\t\t\t\t\t\t\t<span class=\"elementor-toggle-icon elementor-toggle-icon-right\" aria-hidden=\"true\">\n\t\t\t\t\t\t\t\t\t\t\t\t\t\t\t<span class=\"elementor-toggle-icon-closed\"><i class=\"fas fa-caret-right\"><\/i><\/span>\n\t\t\t\t\t\t\t\t<span class=\"elementor-toggle-icon-opened\"><i class=\"elementor-toggle-icon-opened fas fa-caret-up\"><\/i><\/span>\n\t\t\t\t\t\t\t\t\t\t\t\t\t<\/span>\n\t\t\t\t\t\t\t\t\t\t\t\t<a class=\"elementor-toggle-title\" tabindex=\"0\">Servizi di Amministrazione<\/a>\n\t\t\t\t\t<\/div>\n\n\t\t\t\t\t<div id=\"elementor-tab-content-2456\" class=\"elementor-tab-content elementor-clearfix\" data-tab=\"6\" role=\"region\" aria-labelledby=\"elementor-tab-title-2456\"><p>per filiali greche &#8211; filiali di societ\u00e0 estere<\/p><\/div>\n\t\t\t\t<\/div>\n\t\t\t\t\t\t\t<div class=\"elementor-toggle-item\">\n\t\t\t\t\t<div id=\"elementor-tab-title-2457\" class=\"elementor-tab-title\" data-tab=\"7\" role=\"button\" aria-controls=\"elementor-tab-content-2457\" aria-expanded=\"false\">\n\t\t\t\t\t\t\t\t\t\t\t\t<span class=\"elementor-toggle-icon elementor-toggle-icon-right\" aria-hidden=\"true\">\n\t\t\t\t\t\t\t\t\t\t\t\t\t\t\t<span class=\"elementor-toggle-icon-closed\"><i class=\"fas fa-caret-right\"><\/i><\/span>\n\t\t\t\t\t\t\t\t<span class=\"elementor-toggle-icon-opened\"><i class=\"elementor-toggle-icon-opened fas fa-caret-up\"><\/i><\/span>\n\t\t\t\t\t\t\t\t\t\t\t\t\t<\/span>\n\t\t\t\t\t\t\t\t\t\t\t\t<a class=\"elementor-toggle-title\" tabindex=\"0\">Servizi di segreteria<\/a>\n\t\t\t\t\t<\/div>\n\n\t\t\t\t\t<div id=\"elementor-tab-content-2457\" class=\"elementor-tab-content elementor-clearfix\" data-tab=\"7\" role=\"region\" aria-labelledby=\"elementor-tab-title-2457\"><p>per societ\u00e0 estere operanti in Grecia<\/p><\/div>\n\t\t\t\t<\/div>\n\t\t\t\t\t\t\t\t<\/div>\n\t\t\t\t<\/div>\n\t\t\t\t<\/div>\n\t\t\t\t<div class=\"elementor-element elementor-element-0b37b06 elementor-widget elementor-widget-spacer\" data-id=\"0b37b06\" data-element_type=\"widget\" data-widget_type=\"spacer.default\">\n\t\t\t\t<div class=\"elementor-widget-container\">\n\t\t\t\t\t<div class=\"elementor-spacer\">\n\t\t\t<div class=\"elementor-spacer-inner\"><\/div>\n\t\t<\/div>\n\t\t\t\t<\/div>\n\t\t\t\t<\/div>\n\t\t\t\t\t<\/div>\n\t\t<\/div>\n\t\t\t\t<div class=\"elementor-column elementor-col-50 elementor-inner-column elementor-element elementor-element-58f0848\" data-id=\"58f0848\" data-element_type=\"column\">\n\t\t\t<div class=\"elementor-widget-wrap elementor-element-populated\">\n\t\t\t\t\t\t<div class=\"elementor-element elementor-element-9eec9f9 elementor-widget elementor-widget-image\" data-id=\"9eec9f9\" data-element_type=\"widget\" data-widget_type=\"image.default\">\n\t\t\t\t<div class=\"elementor-widget-container\">\n\t\t\t\t\t\t\t\t\t\t\t\t\t<img decoding=\"async\" width=\"963\" height=\"1024\" src=\"https:\/\/actnet.gr\/wp-content\/uploads\/2022\/12\/exeifikevmenes-liseis-photo-2-963x1024.jpg\" class=\"attachment-large size-large wp-image-1744\" alt=\"\" srcset=\"https:\/\/actnet.gr\/wp-content\/uploads\/2022\/12\/exeifikevmenes-liseis-photo-2-963x1024.jpg 963w, https:\/\/actnet.gr\/wp-content\/uploads\/2022\/12\/exeifikevmenes-liseis-photo-2-282x300.jpg 282w, https:\/\/actnet.gr\/wp-content\/uploads\/2022\/12\/exeifikevmenes-liseis-photo-2-768x816.jpg 768w, https:\/\/actnet.gr\/wp-content\/uploads\/2022\/12\/exeifikevmenes-liseis-photo-2-700x744.jpg 700w, https:\/\/actnet.gr\/wp-content\/uploads\/2022\/12\/exeifikevmenes-liseis-photo-2.jpg 1035w\" sizes=\"(max-width: 963px) 100vw, 963px\" \/>\t\t\t\t\t\t\t\t\t\t\t\t\t<\/div>\n\t\t\t\t<\/div>\n\t\t\t\t\t<\/div>\n\t\t<\/div>\n\t\t\t\t\t<\/div>\n\t\t<\/section>\n\t\t\t\t\t<\/div>\n\t\t<\/div>\n\t\t\t\t\t<\/div>\n\t\t<\/section>\n\t\t\t\t<\/div>\n\t\t","protected":false},"excerpt":{"rendered":"<p>Ogni cliente pu\u00f2 scegliere di volta in volta il servizio di cui ha bisogno Ad Actnet Tax Solutions S.A. diamo l\u2019 opportunit\u00e0 ai clienti che si fidano di noi di scegliere quali dei servizi che offriamo soddisfano le loro esigenze in ogni momento. In particolare,&#8230;<\/p>\n","protected":false},"author":3,"featured_media":0,"parent":0,"menu_order":0,"comment_status":"closed","ping_status":"closed","template":"full_width.php","meta":{"footnotes":""},"class_list":["post-1853","page","type-page","status-publish","hentry"],"yoast_head":"<!-- This site is optimized with the Yoast SEO plugin v23.9 - https:\/\/yoast.com\/wordpress\/plugins\/seo\/ -->\n<title>Soluzioni Specializzate| Actnet Tax Solutions S.A.<\/title>\n<meta name=\"description\" content=\"Actnet Tax Solutions S.A.\u00a0 fornisce soluzioni specializzate alle societ\u00e0 estere, mentreha una vasta esperienza nell&#039;organizzazione completa degli uffici contabilit\u00e0 per lesociet\u00e0 alberghiere\" \/>\n<meta name=\"robots\" content=\"index, follow, max-snippet:-1, max-image-preview:large, max-video-preview:-1\" \/>\n<link rel=\"canonical\" href=\"https:\/\/actnet.gr\/it\/soluzioni-specializzate\/\" \/>\n<meta property=\"og:locale\" content=\"it_IT\" \/>\n<meta property=\"og:type\" content=\"article\" \/>\n<meta property=\"og:title\" content=\"Soluzioni Specializzate| Actnet Tax Solutions S.A.\" \/>\n<meta property=\"og:description\" content=\"Actnet Tax Solutions S.A.\u00a0 fornisce soluzioni specializzate alle societ\u00e0 estere, mentreha una vasta esperienza nell&#039;organizzazione completa degli uffici contabilit\u00e0 per lesociet\u00e0 alberghiere\" \/>\n<meta property=\"og:url\" content=\"https:\/\/actnet.gr\/it\/soluzioni-specializzate\/\" \/>\n<meta property=\"og:site_name\" content=\"Actnet Tax Solutions S.A.\" \/>\n<meta property=\"article:modified_time\" content=\"2023-01-26T21:31:52+00:00\" \/>\n<meta property=\"og:image\" content=\"https:\/\/actnet.gr\/wp-content\/uploads\/2022\/12\/exeifikevmenes-liseis-photo-3.jpg\" \/>\n<meta name=\"twitter:card\" content=\"summary_large_image\" \/>\n<meta name=\"twitter:label1\" content=\"Tempo di lettura stimato\" \/>\n\t<meta name=\"twitter:data1\" content=\"2 minuti\" \/>\n<script type=\"application\/ld+json\" class=\"yoast-schema-graph\">{\"@context\":\"https:\/\/schema.org\",\"@graph\":[{\"@type\":\"WebPage\",\"@id\":\"https:\/\/actnet.gr\/it\/soluzioni-specializzate\/\",\"url\":\"https:\/\/actnet.gr\/it\/soluzioni-specializzate\/\",\"name\":\"Soluzioni Specializzate| Actnet Tax Solutions S.A.\",\"isPartOf\":{\"@id\":\"https:\/\/actnet.gr\/it\/#website\"},\"primaryImageOfPage\":{\"@id\":\"https:\/\/actnet.gr\/it\/soluzioni-specializzate\/#primaryimage\"},\"image\":{\"@id\":\"https:\/\/actnet.gr\/it\/soluzioni-specializzate\/#primaryimage\"},\"thumbnailUrl\":\"https:\/\/actnet.gr\/wp-content\/uploads\/2022\/12\/exeifikevmenes-liseis-photo-3.jpg\",\"datePublished\":\"2022-12-16T17:01:57+00:00\",\"dateModified\":\"2023-01-26T21:31:52+00:00\",\"description\":\"Actnet Tax Solutions S.A.\u00a0 fornisce soluzioni specializzate alle societ\u00e0 estere, mentreha una vasta esperienza nell'organizzazione completa degli uffici contabilit\u00e0 per lesociet\u00e0 alberghiere\",\"breadcrumb\":{\"@id\":\"https:\/\/actnet.gr\/it\/soluzioni-specializzate\/#breadcrumb\"},\"inLanguage\":\"it-IT\",\"potentialAction\":[{\"@type\":\"ReadAction\",\"target\":[\"https:\/\/actnet.gr\/it\/soluzioni-specializzate\/\"]}]},{\"@type\":\"ImageObject\",\"inLanguage\":\"it-IT\",\"@id\":\"https:\/\/actnet.gr\/it\/soluzioni-specializzate\/#primaryimage\",\"url\":\"https:\/\/actnet.gr\/wp-content\/uploads\/2022\/12\/exeifikevmenes-liseis-photo-3.jpg\",\"contentUrl\":\"https:\/\/actnet.gr\/wp-content\/uploads\/2022\/12\/exeifikevmenes-liseis-photo-3.jpg\"},{\"@type\":\"BreadcrumbList\",\"@id\":\"https:\/\/actnet.gr\/it\/soluzioni-specializzate\/#breadcrumb\",\"itemListElement\":[{\"@type\":\"ListItem\",\"position\":1,\"name\":\"\u0391\u03c1\u03c7\u03b9\u03ba\u03ae\",\"item\":\"https:\/\/actnet.gr\/it\/\"},{\"@type\":\"ListItem\",\"position\":2,\"name\":\"Soluzioni Specializzate\"}]},{\"@type\":\"WebSite\",\"@id\":\"https:\/\/actnet.gr\/it\/#website\",\"url\":\"https:\/\/actnet.gr\/it\/\",\"name\":\"Actnet Tax Solutions S.A.\",\"description\":\"\u039b\u03bf\u03b3\u03b9\u03c3\u03c4\u03b9\u03ba\u03ad\u03c2 \u03a5\u03c0\u03b7\u03c1\u03b5\u03c3\u03af\u03b5\u03c2 \u0391\u03b8\u03ae\u03bd\u03b1\",\"publisher\":{\"@id\":\"https:\/\/actnet.gr\/it\/#organization\"},\"alternateName\":\"Actnet\",\"potentialAction\":[{\"@type\":\"SearchAction\",\"target\":{\"@type\":\"EntryPoint\",\"urlTemplate\":\"https:\/\/actnet.gr\/it\/?s={search_term_string}\"},\"query-input\":{\"@type\":\"PropertyValueSpecification\",\"valueRequired\":true,\"valueName\":\"search_term_string\"}}],\"inLanguage\":\"it-IT\"},{\"@type\":\"Organization\",\"@id\":\"https:\/\/actnet.gr\/it\/#organization\",\"name\":\"ActNet Tax Solutions S.A\",\"alternateName\":\"Actnet\",\"url\":\"https:\/\/actnet.gr\/it\/\",\"logo\":{\"@type\":\"ImageObject\",\"inLanguage\":\"it-IT\",\"@id\":\"https:\/\/actnet.gr\/it\/#\/schema\/logo\/image\/\",\"url\":\"https:\/\/actnet.gr\/wp-content\/uploads\/2022\/12\/logo-color.png\",\"contentUrl\":\"https:\/\/actnet.gr\/wp-content\/uploads\/2022\/12\/logo-color.png\",\"width\":334,\"height\":175,\"caption\":\"ActNet Tax Solutions S.A\"},\"image\":{\"@id\":\"https:\/\/actnet.gr\/it\/#\/schema\/logo\/image\/\"}}]}<\/script>\n<!-- \/ Yoast SEO plugin. -->","yoast_head_json":{"title":"Soluzioni Specializzate| Actnet Tax Solutions S.A.","description":"Actnet Tax Solutions S.A.\u00a0 fornisce soluzioni specializzate alle societ\u00e0 estere, mentreha una vasta esperienza nell'organizzazione completa degli uffici contabilit\u00e0 per lesociet\u00e0 alberghiere","robots":{"index":"index","follow":"follow","max-snippet":"max-snippet:-1","max-image-preview":"max-image-preview:large","max-video-preview":"max-video-preview:-1"},"canonical":"https:\/\/actnet.gr\/it\/soluzioni-specializzate\/","og_locale":"it_IT","og_type":"article","og_title":"Soluzioni Specializzate| Actnet Tax Solutions S.A.","og_description":"Actnet Tax Solutions S.A.\u00a0 fornisce soluzioni specializzate alle societ\u00e0 estere, mentreha una vasta esperienza nell'organizzazione completa degli uffici contabilit\u00e0 per lesociet\u00e0 alberghiere","og_url":"https:\/\/actnet.gr\/it\/soluzioni-specializzate\/","og_site_name":"Actnet Tax Solutions S.A.","article_modified_time":"2023-01-26T21:31:52+00:00","og_image":[{"url":"https:\/\/actnet.gr\/wp-content\/uploads\/2022\/12\/exeifikevmenes-liseis-photo-3.jpg"}],"twitter_card":"summary_large_image","twitter_misc":{"Tempo di lettura stimato":"2 minuti"},"schema":{"@context":"https:\/\/schema.org","@graph":[{"@type":"WebPage","@id":"https:\/\/actnet.gr\/it\/soluzioni-specializzate\/","url":"https:\/\/actnet.gr\/it\/soluzioni-specializzate\/","name":"Soluzioni Specializzate| Actnet Tax Solutions S.A.","isPartOf":{"@id":"https:\/\/actnet.gr\/it\/#website"},"primaryImageOfPage":{"@id":"https:\/\/actnet.gr\/it\/soluzioni-specializzate\/#primaryimage"},"image":{"@id":"https:\/\/actnet.gr\/it\/soluzioni-specializzate\/#primaryimage"},"thumbnailUrl":"https:\/\/actnet.gr\/wp-content\/uploads\/2022\/12\/exeifikevmenes-liseis-photo-3.jpg","datePublished":"2022-12-16T17:01:57+00:00","dateModified":"2023-01-26T21:31:52+00:00","description":"Actnet Tax Solutions S.A.\u00a0 fornisce soluzioni specializzate alle societ\u00e0 estere, mentreha una vasta esperienza nell'organizzazione completa degli uffici contabilit\u00e0 per lesociet\u00e0 alberghiere","breadcrumb":{"@id":"https:\/\/actnet.gr\/it\/soluzioni-specializzate\/#breadcrumb"},"inLanguage":"it-IT","potentialAction":[{"@type":"ReadAction","target":["https:\/\/actnet.gr\/it\/soluzioni-specializzate\/"]}]},{"@type":"ImageObject","inLanguage":"it-IT","@id":"https:\/\/actnet.gr\/it\/soluzioni-specializzate\/#primaryimage","url":"https:\/\/actnet.gr\/wp-content\/uploads\/2022\/12\/exeifikevmenes-liseis-photo-3.jpg","contentUrl":"https:\/\/actnet.gr\/wp-content\/uploads\/2022\/12\/exeifikevmenes-liseis-photo-3.jpg"},{"@type":"BreadcrumbList","@id":"https:\/\/actnet.gr\/it\/soluzioni-specializzate\/#breadcrumb","itemListElement":[{"@type":"ListItem","position":1,"name":"\u0391\u03c1\u03c7\u03b9\u03ba\u03ae","item":"https:\/\/actnet.gr\/it\/"},{"@type":"ListItem","position":2,"name":"Soluzioni Specializzate"}]},{"@type":"WebSite","@id":"https:\/\/actnet.gr\/it\/#website","url":"https:\/\/actnet.gr\/it\/","name":"Actnet Tax Solutions S.A.","description":"\u039b\u03bf\u03b3\u03b9\u03c3\u03c4\u03b9\u03ba\u03ad\u03c2 \u03a5\u03c0\u03b7\u03c1\u03b5\u03c3\u03af\u03b5\u03c2 \u0391\u03b8\u03ae\u03bd\u03b1","publisher":{"@id":"https:\/\/actnet.gr\/it\/#organization"},"alternateName":"Actnet","potentialAction":[{"@type":"SearchAction","target":{"@type":"EntryPoint","urlTemplate":"https:\/\/actnet.gr\/it\/?s={search_term_string}"},"query-input":{"@type":"PropertyValueSpecification","valueRequired":true,"valueName":"search_term_string"}}],"inLanguage":"it-IT"},{"@type":"Organization","@id":"https:\/\/actnet.gr\/it\/#organization","name":"ActNet Tax Solutions S.A","alternateName":"Actnet","url":"https:\/\/actnet.gr\/it\/","logo":{"@type":"ImageObject","inLanguage":"it-IT","@id":"https:\/\/actnet.gr\/it\/#\/schema\/logo\/image\/","url":"https:\/\/actnet.gr\/wp-content\/uploads\/2022\/12\/logo-color.png","contentUrl":"https:\/\/actnet.gr\/wp-content\/uploads\/2022\/12\/logo-color.png","width":334,"height":175,"caption":"ActNet Tax Solutions S.A"},"image":{"@id":"https:\/\/actnet.gr\/it\/#\/schema\/logo\/image\/"}}]}},"_links":{"self":[{"href":"https:\/\/actnet.gr\/it\/wp-json\/wp\/v2\/pages\/1853","targetHints":{"allow":["GET"]}}],"collection":[{"href":"https:\/\/actnet.gr\/it\/wp-json\/wp\/v2\/pages"}],"about":[{"href":"https:\/\/actnet.gr\/it\/wp-json\/wp\/v2\/types\/page"}],"author":[{"embeddable":true,"href":"https:\/\/actnet.gr\/it\/wp-json\/wp\/v2\/users\/3"}],"replies":[{"embeddable":true,"href":"https:\/\/actnet.gr\/it\/wp-json\/wp\/v2\/comments?post=1853"}],"version-history":[{"count":24,"href":"https:\/\/actnet.gr\/it\/wp-json\/wp\/v2\/pages\/1853\/revisions"}],"predecessor-version":[{"id":2070,"href":"https:\/\/actnet.gr\/it\/wp-json\/wp\/v2\/pages\/1853\/revisions\/2070"}],"wp:attachment":[{"href":"https:\/\/actnet.gr\/it\/wp-json\/wp\/v2\/media?parent=1853"}],"curies":[{"name":"wp","href":"https:\/\/api.w.org\/{rel}","templated":true}]}}