{"id":1925,"date":"2021-02-10T10:35:35","date_gmt":"2021-02-10T08:35:35","guid":{"rendered":"https:\/\/actnet.gr\/prosopika-dedomena\/"},"modified":"2023-02-16T10:17:38","modified_gmt":"2023-02-16T08:17:38","slug":"dati-personali","status":"publish","type":"page","link":"https:\/\/actnet.gr\/it\/dati-personali\/","title":{"rendered":"Dati Personali"},"content":{"rendered":"\t\t<div data-elementor-type=\"wp-page\" data-elementor-id=\"1925\" class=\"elementor elementor-1925 elementor-517\" data-elementor-post-type=\"page\">\n\t\t\t\t\t\t<section class=\"elementor-section elementor-top-section elementor-element elementor-element-9f9490d elementor-section-boxed elementor-section-height-default elementor-section-height-default parallax_section_no qode_elementor_container_no\" data-id=\"9f9490d\" data-element_type=\"section\">\n\t\t\t\t\t\t<div class=\"elementor-container elementor-column-gap-default\">\n\t\t\t\t\t<div class=\"elementor-column elementor-col-50 elementor-top-column elementor-element elementor-element-7a654cd\" data-id=\"7a654cd\" data-element_type=\"column\">\n\t\t\t<div class=\"elementor-widget-wrap elementor-element-populated\">\n\t\t\t\t\t\t<div class=\"elementor-element elementor-element-ea92bac elementor-widget elementor-widget-text-editor\" data-id=\"ea92bac\" data-element_type=\"widget\" data-widget_type=\"text-editor.default\">\n\t\t\t\t<div class=\"elementor-widget-container\">\n\t\t\t\t\t\t\tSin dalla costituzione della societ\u00e0 e molto prima che il termine <strong>GDPR<\/strong> fosse introdotto per le societ\u00e0 nell&#8217; UE, le attivit\u00e0 di <strong>Actnet Tax Solutions S.A.<\/strong> erano nel pieno rispetto della <strong>Tutela della Privacy<\/strong> dei propri clienti e dipendenti.\r\n\r\nAl fine di garantire la Protezione dei Dati, la nostra azienda utilizza hardware altamente sicuro e sistemi software aggiornati, oltre a frequenti corsi di formazione sulla sicurezza\r\nper i nostri dipendenti.\t\t\t\t\t\t<\/div>\n\t\t\t\t<\/div>\n\t\t\t\t\t<\/div>\n\t\t<\/div>\n\t\t\t\t<div class=\"elementor-column elementor-col-50 elementor-top-column elementor-element elementor-element-ff6012e\" data-id=\"ff6012e\" data-element_type=\"column\">\n\t\t\t<div class=\"elementor-widget-wrap elementor-element-populated\">\n\t\t\t\t\t\t<div class=\"elementor-element elementor-element-4586955a elementor-widget elementor-widget-text-editor\" data-id=\"4586955a\" data-element_type=\"widget\" data-widget_type=\"text-editor.default\">\n\t\t\t\t<div class=\"elementor-widget-container\">\n\t\t\t\t\t\t\tDal 25 maggio 2018, <strong>Actnet Tax Solutions S.A.<\/strong> opera in conformit\u00e0 con il nuovo Regolamento dell\u2019 UE sulla Protezione dei Dati (noto anche come GDPR) introducendo la nuova <strong>Politica sulla Privacy, le Misure Tecniche, l&#8217;Analisi delle Lacune, la Politica del Sito Web e il Piano di Gestione del Rischio.<\/strong>\r\n\r\nPer ulteriori informazioni o domande o problemi relativi alla Protezione dei Dati, non esitare a contattarci utilizzando il seguente indirizzo e-mail: privacy@actnet.gr\t\t\t\t\t\t<\/div>\n\t\t\t\t<\/div>\n\t\t\t\t\t<\/div>\n\t\t<\/div>\n\t\t\t\t\t<\/div>\n\t\t<\/section>\n\t\t\t\t<\/div>\n\t\t","protected":false},"excerpt":{"rendered":"<p>Sin dalla costituzione della societ\u00e0 e molto prima che il termine GDPR fosse introdotto per le societ\u00e0 nell&#8217; UE, le attivit\u00e0 di Actnet Tax Solutions S.A. erano nel pieno rispetto della Tutela della Privacy dei propri clienti e dipendenti. Al fine di garantire la Protezione&#8230;<\/p>\n","protected":false},"author":3,"featured_media":0,"parent":0,"menu_order":0,"comment_status":"closed","ping_status":"closed","template":"","meta":{"footnotes":""},"class_list":["post-1925","page","type-page","status-publish","hentry"],"yoast_head":"<!-- This site is optimized with the Yoast SEO plugin v23.9 - https:\/\/yoast.com\/wordpress\/plugins\/seo\/ -->\n<title>Dati Personali| Actnet Tax Solutions S.A.<\/title>\n<meta name=\"description\" content=\"Vi informiamo che Actnet Tax Solutions S.A. opera in conformit\u00e0 con il nuovoRegolamento dell\u2019 UE sulla Protezione dei Dati noto come GDPR\" \/>\n<meta name=\"robots\" content=\"index, follow, max-snippet:-1, max-image-preview:large, max-video-preview:-1\" \/>\n<link rel=\"canonical\" href=\"https:\/\/actnet.gr\/it\/dati-personali\/\" \/>\n<meta property=\"og:locale\" content=\"it_IT\" \/>\n<meta property=\"og:type\" content=\"article\" \/>\n<meta property=\"og:title\" content=\"Dati Personali| Actnet Tax Solutions S.A.\" \/>\n<meta property=\"og:description\" content=\"Vi informiamo che Actnet Tax Solutions S.A. opera in conformit\u00e0 con il nuovoRegolamento dell\u2019 UE sulla Protezione dei Dati noto come GDPR\" \/>\n<meta property=\"og:url\" content=\"https:\/\/actnet.gr\/it\/dati-personali\/\" \/>\n<meta property=\"og:site_name\" content=\"Actnet Tax Solutions S.A.\" \/>\n<meta property=\"article:modified_time\" content=\"2023-02-16T08:17:38+00:00\" \/>\n<meta name=\"twitter:card\" content=\"summary_large_image\" \/>\n<meta name=\"twitter:label1\" content=\"Tempo di lettura stimato\" \/>\n\t<meta name=\"twitter:data1\" content=\"1 minuto\" \/>\n<script type=\"application\/ld+json\" class=\"yoast-schema-graph\">{\"@context\":\"https:\/\/schema.org\",\"@graph\":[{\"@type\":\"WebPage\",\"@id\":\"https:\/\/actnet.gr\/it\/dati-personali\/\",\"url\":\"https:\/\/actnet.gr\/it\/dati-personali\/\",\"name\":\"Dati Personali| Actnet Tax Solutions S.A.\",\"isPartOf\":{\"@id\":\"https:\/\/actnet.gr\/it\/#website\"},\"datePublished\":\"2021-02-10T08:35:35+00:00\",\"dateModified\":\"2023-02-16T08:17:38+00:00\",\"description\":\"Vi informiamo che Actnet Tax Solutions S.A. opera in conformit\u00e0 con il nuovoRegolamento dell\u2019 UE sulla Protezione dei Dati noto come GDPR\",\"breadcrumb\":{\"@id\":\"https:\/\/actnet.gr\/it\/dati-personali\/#breadcrumb\"},\"inLanguage\":\"it-IT\",\"potentialAction\":[{\"@type\":\"ReadAction\",\"target\":[\"https:\/\/actnet.gr\/it\/dati-personali\/\"]}]},{\"@type\":\"BreadcrumbList\",\"@id\":\"https:\/\/actnet.gr\/it\/dati-personali\/#breadcrumb\",\"itemListElement\":[{\"@type\":\"ListItem\",\"position\":1,\"name\":\"\u0391\u03c1\u03c7\u03b9\u03ba\u03ae\",\"item\":\"https:\/\/actnet.gr\/it\/\"},{\"@type\":\"ListItem\",\"position\":2,\"name\":\"Dati Personali\"}]},{\"@type\":\"WebSite\",\"@id\":\"https:\/\/actnet.gr\/it\/#website\",\"url\":\"https:\/\/actnet.gr\/it\/\",\"name\":\"Actnet Tax Solutions S.A.\",\"description\":\"\u039b\u03bf\u03b3\u03b9\u03c3\u03c4\u03b9\u03ba\u03ad\u03c2 \u03a5\u03c0\u03b7\u03c1\u03b5\u03c3\u03af\u03b5\u03c2 \u0391\u03b8\u03ae\u03bd\u03b1\",\"publisher\":{\"@id\":\"https:\/\/actnet.gr\/it\/#organization\"},\"alternateName\":\"Actnet\",\"potentialAction\":[{\"@type\":\"SearchAction\",\"target\":{\"@type\":\"EntryPoint\",\"urlTemplate\":\"https:\/\/actnet.gr\/it\/?s={search_term_string}\"},\"query-input\":{\"@type\":\"PropertyValueSpecification\",\"valueRequired\":true,\"valueName\":\"search_term_string\"}}],\"inLanguage\":\"it-IT\"},{\"@type\":\"Organization\",\"@id\":\"https:\/\/actnet.gr\/it\/#organization\",\"name\":\"ActNet Tax Solutions S.A\",\"alternateName\":\"Actnet\",\"url\":\"https:\/\/actnet.gr\/it\/\",\"logo\":{\"@type\":\"ImageObject\",\"inLanguage\":\"it-IT\",\"@id\":\"https:\/\/actnet.gr\/it\/#\/schema\/logo\/image\/\",\"url\":\"https:\/\/actnet.gr\/wp-content\/uploads\/2022\/12\/logo-color.png\",\"contentUrl\":\"https:\/\/actnet.gr\/wp-content\/uploads\/2022\/12\/logo-color.png\",\"width\":334,\"height\":175,\"caption\":\"ActNet Tax Solutions S.A\"},\"image\":{\"@id\":\"https:\/\/actnet.gr\/it\/#\/schema\/logo\/image\/\"}}]}<\/script>\n<!-- \/ Yoast SEO plugin. -->","yoast_head_json":{"title":"Dati Personali| Actnet Tax Solutions S.A.","description":"Vi informiamo che Actnet Tax Solutions S.A. opera in conformit\u00e0 con il nuovoRegolamento dell\u2019 UE sulla Protezione dei Dati noto come GDPR","robots":{"index":"index","follow":"follow","max-snippet":"max-snippet:-1","max-image-preview":"max-image-preview:large","max-video-preview":"max-video-preview:-1"},"canonical":"https:\/\/actnet.gr\/it\/dati-personali\/","og_locale":"it_IT","og_type":"article","og_title":"Dati Personali| Actnet Tax Solutions S.A.","og_description":"Vi informiamo che Actnet Tax Solutions S.A. opera in conformit\u00e0 con il nuovoRegolamento dell\u2019 UE sulla Protezione dei Dati noto come GDPR","og_url":"https:\/\/actnet.gr\/it\/dati-personali\/","og_site_name":"Actnet Tax Solutions S.A.","article_modified_time":"2023-02-16T08:17:38+00:00","twitter_card":"summary_large_image","twitter_misc":{"Tempo di lettura stimato":"1 minuto"},"schema":{"@context":"https:\/\/schema.org","@graph":[{"@type":"WebPage","@id":"https:\/\/actnet.gr\/it\/dati-personali\/","url":"https:\/\/actnet.gr\/it\/dati-personali\/","name":"Dati Personali| Actnet Tax Solutions S.A.","isPartOf":{"@id":"https:\/\/actnet.gr\/it\/#website"},"datePublished":"2021-02-10T08:35:35+00:00","dateModified":"2023-02-16T08:17:38+00:00","description":"Vi informiamo che Actnet Tax Solutions S.A. opera in conformit\u00e0 con il nuovoRegolamento dell\u2019 UE sulla Protezione dei Dati noto come GDPR","breadcrumb":{"@id":"https:\/\/actnet.gr\/it\/dati-personali\/#breadcrumb"},"inLanguage":"it-IT","potentialAction":[{"@type":"ReadAction","target":["https:\/\/actnet.gr\/it\/dati-personali\/"]}]},{"@type":"BreadcrumbList","@id":"https:\/\/actnet.gr\/it\/dati-personali\/#breadcrumb","itemListElement":[{"@type":"ListItem","position":1,"name":"\u0391\u03c1\u03c7\u03b9\u03ba\u03ae","item":"https:\/\/actnet.gr\/it\/"},{"@type":"ListItem","position":2,"name":"Dati Personali"}]},{"@type":"WebSite","@id":"https:\/\/actnet.gr\/it\/#website","url":"https:\/\/actnet.gr\/it\/","name":"Actnet Tax Solutions S.A.","description":"\u039b\u03bf\u03b3\u03b9\u03c3\u03c4\u03b9\u03ba\u03ad\u03c2 \u03a5\u03c0\u03b7\u03c1\u03b5\u03c3\u03af\u03b5\u03c2 \u0391\u03b8\u03ae\u03bd\u03b1","publisher":{"@id":"https:\/\/actnet.gr\/it\/#organization"},"alternateName":"Actnet","potentialAction":[{"@type":"SearchAction","target":{"@type":"EntryPoint","urlTemplate":"https:\/\/actnet.gr\/it\/?s={search_term_string}"},"query-input":{"@type":"PropertyValueSpecification","valueRequired":true,"valueName":"search_term_string"}}],"inLanguage":"it-IT"},{"@type":"Organization","@id":"https:\/\/actnet.gr\/it\/#organization","name":"ActNet Tax Solutions S.A","alternateName":"Actnet","url":"https:\/\/actnet.gr\/it\/","logo":{"@type":"ImageObject","inLanguage":"it-IT","@id":"https:\/\/actnet.gr\/it\/#\/schema\/logo\/image\/","url":"https:\/\/actnet.gr\/wp-content\/uploads\/2022\/12\/logo-color.png","contentUrl":"https:\/\/actnet.gr\/wp-content\/uploads\/2022\/12\/logo-color.png","width":334,"height":175,"caption":"ActNet Tax Solutions S.A"},"image":{"@id":"https:\/\/actnet.gr\/it\/#\/schema\/logo\/image\/"}}]}},"_links":{"self":[{"href":"https:\/\/actnet.gr\/it\/wp-json\/wp\/v2\/pages\/1925","targetHints":{"allow":["GET"]}}],"collection":[{"href":"https:\/\/actnet.gr\/it\/wp-json\/wp\/v2\/pages"}],"about":[{"href":"https:\/\/actnet.gr\/it\/wp-json\/wp\/v2\/types\/page"}],"author":[{"embeddable":true,"href":"https:\/\/actnet.gr\/it\/wp-json\/wp\/v2\/users\/3"}],"replies":[{"embeddable":true,"href":"https:\/\/actnet.gr\/it\/wp-json\/wp\/v2\/comments?post=1925"}],"version-history":[{"count":4,"href":"https:\/\/actnet.gr\/it\/wp-json\/wp\/v2\/pages\/1925\/revisions"}],"predecessor-version":[{"id":1929,"href":"https:\/\/actnet.gr\/it\/wp-json\/wp\/v2\/pages\/1925\/revisions\/1929"}],"wp:attachment":[{"href":"https:\/\/actnet.gr\/it\/wp-json\/wp\/v2\/media?parent=1925"}],"curies":[{"name":"wp","href":"https:\/\/api.w.org\/{rel}","templated":true}]}}